{"id":12365,"date":"2013-12-05T02:00:21","date_gmt":"2013-12-05T02:00:21","guid":{"rendered":"https:\/\/guesdoninmobiliaria.es\/empresa\/"},"modified":"2025-05-30T08:33:38","modified_gmt":"2025-05-30T08:33:38","slug":"empresa","status":"publish","type":"page","link":"https:\/\/guesdoninmobiliaria.com\/fr\/empresa\/","title":{"rendered":"Entreprise"},"content":{"rendered":"<div class='clearfix'>\n<div class='typo_one-half '>\n<p><img loading=\"lazy\" class=\"alignnone size-full wp-image-28695\" src=\"https:\/\/guesdoninmobiliaria.com\/wp-content\/uploads\/2020\/07\/guesdon.jpg\" alt=\"\" width=\"516\" height=\"652\" srcset=\"https:\/\/guesdoninmobiliaria.com\/wp-content\/uploads\/2020\/07\/guesdon.jpg 516w, https:\/\/guesdoninmobiliaria.com\/wp-content\/uploads\/2020\/07\/guesdon-237x300.jpg 237w\" sizes=\"(max-width: 516px) 100vw, 516px\" \/><\/p>\n<\/div>\n<div class='typo_one-half typo_last'>\n<h3><\/h3>\n<h3><span style=\"color: #b49e7a;\"><strong>SERVICES IMMOBILIERS DE QUALIT\u00c9<\/strong><\/span><\/h3>\n<p><strong>Esther Guesdon Inmobiliaria<\/strong> \u00e0 S\u00f3ller est une Agence Immobili\u00e8re situ\u00e9e \u00e0 S\u00f3ller (Majorque) dont les objectifs sont d&rsquo;offrir des services immobiliers de qualit\u00e9 en intervenant et en conseillant sur l&rsquo;ensemble du processus d&rsquo;achat et de vente de propri\u00e9t\u00e9s. Je suis une <strong>agent immobilier<\/strong> experte, professionnelle, transparente, \u00e9thique et honn\u00eate avec mes clients et ma mission est de les aider \u00e0 prendre plus facilement une d\u00e9cision aussi importante.<\/p>\n<p>&nbsp;<\/p>\n<h3><span style=\"color: #b49e7a;\"><strong>AGENT IMMOBILIER DE CONFIANCE<\/strong><\/span><\/h3>\n<p>Je vis et travaille \u00e0 S\u00f3ller, et je suis agent immobilier, avec le <strong>Num\u00e9ro d&rsquo;Enregistrement Officiel des Agents Immobiliers des \u00celes Bal\u00e9ares (ROAIIB) : GOIBE12189\/2025<\/strong>, et avec le num\u00e9ro d&rsquo;associ\u00e9 2000 de l&rsquo;Association des Agents Immobiliers des Bal\u00e9ares (ABAI). Je dispose \u00e9galement du num\u00e9ro de la centrale de r\u00e9servation CR\/64 pour la gestion des propri\u00e9t\u00e9s de tourisme de vacances. J&rsquo;offre mon exp\u00e9rience dans le secteur immobilier et ma connaissance de la ville de S\u00f3ller pour tous ceux qui recherchent une maison \u00e0 S\u00f3ller et ses environs, ou qui souhaitent vendre leur maison \u00e0 Majorque.<\/p>\n<p>J&rsquo;aime \u00eatre valoris\u00e9e pour mon efficacit\u00e9 et mon professionnalisme en immobilier, pour que l&rsquo;exp\u00e9rience de mes clients dans l&rsquo;achat ou la vente d&rsquo;une maison soit simple et sans surprise. J&rsquo;offre des solutions immobili\u00e8res de qualit\u00e9 \u00e0 mes clients, en apportant mon exp\u00e9rience, mon d\u00e9vouement et mon travail pour trouver la maison qui correspond le mieux \u00e0 leurs besoins, avec un large portefeuille de biens tels que des appartements, maisons, fincas, oliveraies, locaux, bureaux, etc. situ\u00e9 \u00e0 S\u00f3ller et ses environs (Port de S\u00f3ller, Fornalutx, Biniaraix, Dei\u00e0 &#8230;)<\/p>\n<\/div>\n<\/div>\n<p style=\"text-align: center;\"><blockquote class='typo_style2 '><p>Je vous aide \u00e0 vendre votre maison &#8230; ou \u00e0 trouver votre nouvelle maison \u00e0 Majorque.<\/p><\/blockquote>\n","protected":false},"excerpt":{"rendered":"","protected":false},"author":1,"featured_media":0,"parent":0,"menu_order":0,"comment_status":"closed","ping_status":"closed","template":"templates\/template-fullwidth.php","meta":[],"acf":[],"yoast_head":"<!-- This site is optimized with the Yoast SEO plugin v20.5 - https:\/\/yoast.com\/wordpress\/plugins\/seo\/ -->\n<title>Immobilier \u00e0 S\u00f3ller, Mallorca | Propri\u00e9t\u00e9 en vente et location | GUESDON<\/title>\n<meta name=\"robots\" content=\"index, follow, max-snippet:-1, max-image-preview:large, max-video-preview:-1\" \/>\n<link rel=\"canonical\" href=\"https:\/\/guesdoninmobiliaria.com\/fr\/empresa\/\" \/>\n<meta property=\"og:locale\" content=\"fr_FR\" \/>\n<meta property=\"og:type\" content=\"article\" \/>\n<meta property=\"og:title\" content=\"Immobilier \u00e0 S\u00f3ller, Mallorca | Propri\u00e9t\u00e9 en vente et location | GUESDON\" \/>\n<meta property=\"og:url\" content=\"https:\/\/guesdoninmobiliaria.com\/fr\/empresa\/\" \/>\n<meta property=\"og:site_name\" content=\"Esther Guesdon\" \/>\n<meta property=\"article:modified_time\" content=\"2025-05-30T08:33:38+00:00\" \/>\n<meta property=\"og:image\" content=\"https:\/\/guesdoninmobiliaria.com\/wp-content\/uploads\/2020\/07\/guesdon.jpg\" \/>\n<meta name=\"twitter:card\" content=\"summary_large_image\" \/>\n<meta name=\"twitter:label1\" content=\"Dur\u00e9e de lecture estim\u00e9e\" \/>\n\t<meta name=\"twitter:data1\" content=\"2 minutes\" \/>\n<script type=\"application\/ld+json\" class=\"yoast-schema-graph\">{\"@context\":\"https:\/\/schema.org\",\"@graph\":[{\"@type\":\"WebPage\",\"@id\":\"https:\/\/guesdoninmobiliaria.com\/fr\/empresa\/\",\"url\":\"https:\/\/guesdoninmobiliaria.com\/fr\/empresa\/\",\"name\":\"Immobilier \u00e0 S\u00f3ller, Mallorca | Propri\u00e9t\u00e9 en vente et location | GUESDON\",\"isPartOf\":{\"@id\":\"https:\/\/guesdoninmobiliaria.com\/fr\/#website\"},\"datePublished\":\"2013-12-05T02:00:21+00:00\",\"dateModified\":\"2025-05-30T08:33:38+00:00\",\"breadcrumb\":{\"@id\":\"https:\/\/guesdoninmobiliaria.com\/fr\/empresa\/#breadcrumb\"},\"inLanguage\":\"fr-FR\",\"potentialAction\":[{\"@type\":\"ReadAction\",\"target\":[\"https:\/\/guesdoninmobiliaria.com\/fr\/empresa\/\"]}]},{\"@type\":\"BreadcrumbList\",\"@id\":\"https:\/\/guesdoninmobiliaria.com\/fr\/empresa\/#breadcrumb\",\"itemListElement\":[{\"@type\":\"ListItem\",\"position\":1,\"name\":\"Portada\",\"item\":\"https:\/\/guesdoninmobiliaria.com\/fr\/\"},{\"@type\":\"ListItem\",\"position\":2,\"name\":\"Entreprise\"}]},{\"@type\":\"WebSite\",\"@id\":\"https:\/\/guesdoninmobiliaria.com\/fr\/#website\",\"url\":\"https:\/\/guesdoninmobiliaria.com\/fr\/\",\"name\":\"Guesdon Inmobiliaria\",\"description\":\"Inmobiliaria\",\"potentialAction\":[{\"@type\":\"SearchAction\",\"target\":{\"@type\":\"EntryPoint\",\"urlTemplate\":\"https:\/\/guesdoninmobiliaria.com\/fr\/?s={search_term_string}\"},\"query-input\":\"required name=search_term_string\"}],\"inLanguage\":\"fr-FR\"}]}<\/script>\n<!-- \/ Yoast SEO plugin. -->","yoast_head_json":{"title":"Immobilier \u00e0 S\u00f3ller, Mallorca | Propri\u00e9t\u00e9 en vente et location | GUESDON","robots":{"index":"index","follow":"follow","max-snippet":"max-snippet:-1","max-image-preview":"max-image-preview:large","max-video-preview":"max-video-preview:-1"},"canonical":"https:\/\/guesdoninmobiliaria.com\/fr\/empresa\/","og_locale":"fr_FR","og_type":"article","og_title":"Immobilier \u00e0 S\u00f3ller, Mallorca | Propri\u00e9t\u00e9 en vente et location | GUESDON","og_url":"https:\/\/guesdoninmobiliaria.com\/fr\/empresa\/","og_site_name":"Esther Guesdon","article_modified_time":"2025-05-30T08:33:38+00:00","og_image":[{"url":"https:\/\/guesdoninmobiliaria.com\/wp-content\/uploads\/2020\/07\/guesdon.jpg"}],"twitter_card":"summary_large_image","twitter_misc":{"Dur\u00e9e de lecture estim\u00e9e":"2 minutes"},"schema":{"@context":"https:\/\/schema.org","@graph":[{"@type":"WebPage","@id":"https:\/\/guesdoninmobiliaria.com\/fr\/empresa\/","url":"https:\/\/guesdoninmobiliaria.com\/fr\/empresa\/","name":"Immobilier \u00e0 S\u00f3ller, Mallorca | Propri\u00e9t\u00e9 en vente et location | GUESDON","isPartOf":{"@id":"https:\/\/guesdoninmobiliaria.com\/fr\/#website"},"datePublished":"2013-12-05T02:00:21+00:00","dateModified":"2025-05-30T08:33:38+00:00","breadcrumb":{"@id":"https:\/\/guesdoninmobiliaria.com\/fr\/empresa\/#breadcrumb"},"inLanguage":"fr-FR","potentialAction":[{"@type":"ReadAction","target":["https:\/\/guesdoninmobiliaria.com\/fr\/empresa\/"]}]},{"@type":"BreadcrumbList","@id":"https:\/\/guesdoninmobiliaria.com\/fr\/empresa\/#breadcrumb","itemListElement":[{"@type":"ListItem","position":1,"name":"Portada","item":"https:\/\/guesdoninmobiliaria.com\/fr\/"},{"@type":"ListItem","position":2,"name":"Entreprise"}]},{"@type":"WebSite","@id":"https:\/\/guesdoninmobiliaria.com\/fr\/#website","url":"https:\/\/guesdoninmobiliaria.com\/fr\/","name":"Guesdon Inmobiliaria","description":"Inmobiliaria","potentialAction":[{"@type":"SearchAction","target":{"@type":"EntryPoint","urlTemplate":"https:\/\/guesdoninmobiliaria.com\/fr\/?s={search_term_string}"},"query-input":"required name=search_term_string"}],"inLanguage":"fr-FR"}]}},"_links":{"self":[{"href":"https:\/\/guesdoninmobiliaria.com\/fr\/wp-json\/wp\/v2\/pages\/12365"}],"collection":[{"href":"https:\/\/guesdoninmobiliaria.com\/fr\/wp-json\/wp\/v2\/pages"}],"about":[{"href":"https:\/\/guesdoninmobiliaria.com\/fr\/wp-json\/wp\/v2\/types\/page"}],"author":[{"embeddable":true,"href":"https:\/\/guesdoninmobiliaria.com\/fr\/wp-json\/wp\/v2\/users\/1"}],"replies":[{"embeddable":true,"href":"https:\/\/guesdoninmobiliaria.com\/fr\/wp-json\/wp\/v2\/comments?post=12365"}],"version-history":[{"count":4,"href":"https:\/\/guesdoninmobiliaria.com\/fr\/wp-json\/wp\/v2\/pages\/12365\/revisions"}],"predecessor-version":[{"id":57403,"href":"https:\/\/guesdoninmobiliaria.com\/fr\/wp-json\/wp\/v2\/pages\/12365\/revisions\/57403"}],"wp:attachment":[{"href":"https:\/\/guesdoninmobiliaria.com\/fr\/wp-json\/wp\/v2\/media?parent=12365"}],"curies":[{"name":"wp","href":"https:\/\/api.w.org\/{rel}","templated":true}]}}