{"id":12357,"date":"2016-05-23T09:48:12","date_gmt":"2016-05-23T09:48:12","guid":{"rendered":"https:\/\/guesdoninmobiliaria.es\/politica-de-cookies\/"},"modified":"2020-07-17T10:27:41","modified_gmt":"2020-07-17T10:27:41","slug":"politica-de-cookies","status":"publish","type":"page","link":"https:\/\/guesdoninmobiliaria.com\/fr\/politica-de-cookies\/","title":{"rendered":"Pol\u00edtica de Cookies"},"content":{"rendered":"<p>Una Cookie es un fichero que se descarga en su ordenador al acceder a determinadas p\u00e1ginas web. Las cookies permiten a una p\u00e1gina web, entre otras cosas, almacenar y recuperar informaci\u00f3n sobre los h\u00e1bitos de navegaci\u00f3n de un usuario o de su equipo y, dependiendo de la informaci\u00f3n que contenga y de la forma en que utilice su equipo, pueden utilizarse para reconocer al usuario.<\/p>\n<p>Las cookies son esenciales para el funcionamiento de internet, aportando innumerables ventajas en la prestaci\u00f3n de servicios interactivos, facilit\u00e1ndole la navegaci\u00f3n y usabilidad de nuestra web.<\/p>\n<p>La informaci\u00f3n que le proporcionamos a continuaci\u00f3n, le ayudar\u00e1 a comprender los diferentes tipos de cookies:<\/p>\n<p><span style=\"font-size: 18pt;\"><strong>TIPOS DE COOKIES<\/strong><\/span><\/p>\n<p><strong>SEG\u00daN LA ENTIDAD QUE LAS GESTIONE<\/strong><\/p>\n<ul>\n<li><strong>Cookies propias<\/strong>: Son aquellas que se recaban por el propio editor para prestar el servicio solicitado por el usuario.<\/li>\n<li><strong>Cookies de tercero<\/strong>: Son aquellas que son recabadas y gestionadas por un tercero, \u00e9stas no se pueden considerar propias.<\/li>\n<\/ul>\n<p><strong>SEG\u00daN EL PLAZO DE TIEMPO QUE PERMANEZCAN ACTIVADAS<\/strong><\/p>\n<ul>\n<li><strong>Cookies de sesi\u00f3n<\/strong>: Recaban datos mientras el usuario navega por la red con la finalidad de prestar el servicio solicitado.<\/li>\n<li><strong>Cookies persistentes<\/strong>: Se almacenan en el terminal y la informaci\u00f3n obtenida, ser\u00e1 utilizada por el responsable de la cookie con la finalidad de prestar el servicio solicitado.<\/li>\n<\/ul>\n<p><strong>SEG\u00daN SU FINALIDAD<\/strong><\/p>\n<ul>\n<li><strong>Cookies t\u00e9cnicas<\/strong>: Son las necesarias para la correcta navegaci\u00f3n por la web.<\/li>\n<li><strong>Cookies de personalizaci\u00f3n<\/strong>: Permiten al usuario las caracter\u00edsticas (idioma) para la navegaci\u00f3n por el website.<\/li>\n<li><strong>Cookies de an\u00e1lisis<\/strong>: Permiten al prestador el an\u00e1lisis vinculado a la navegaci\u00f3n realizada por el usuario, con la finalidad de llevar un seguimiento de uso de la p\u00e1gina web, as\u00ed como realizar estad\u00edsticas de los contenidos m\u00e1s visitados, n\u00famero de visitantes, etc.<\/li>\n<li><strong>Cookies publicitarias<\/strong>: Permiten al editor incluir en la web, espacios publicitarios, seg\u00fan el contenido de la propia web.<\/li>\n<li><strong>Cookies de publicidad comportamental<\/strong>: Permiten al editor incluir en la p\u00e1gina web espacios publicitarios seg\u00fan la informaci\u00f3n obtenida a trav\u00e9s de los h\u00e1bitos de navegaci\u00f3n del usuario.<\/li>\n<\/ul>\n<p>Seg\u00fan lo dispuesto en el art\u00edculo 22.2 de la Ley 34\/2002, de 11 de julio, de Servicios de la Sociedad de la Informaci\u00f3n y de Comercio Electr\u00f3nico (LSSI-CE), ESTHER GUESDON INMOBILIARIA informa de las cookies utilizadas en nuestro website:<\/p>\n<p>Utilizamos cookies t\u00e9cnicas y de personalizaci\u00f3n propias y cookies de an\u00e1lisis de terceros<\/p>\n<p>La aplicaci\u00f3n que utilizamos para obtener y analizar la informaci\u00f3n de la navegaci\u00f3n es: Google Analytics: Puede consultar su pol\u00edtica de cookies a trav\u00e9s de los siguientes enlace:<\/p>\n<p>https:\/\/developers.google.com\/analytics\/devguides\/collection\/analyticsjs\/cookie-usage<\/p>\n<p>https:\/\/support.google.com\/analytics\/answer\/6004245<\/p>\n<p>Asimismo, ESTHER GUESDON INMOBILIARIA informa al usuario de que tiene la posibilidad de configurar su navegador de modo que se le informe de la recepci\u00f3n de cookies, pudiendo, si as\u00ed lo desea, impedir que sean instaladas en su disco duro.<\/p>\n<p>A continuaci\u00f3n le proporcionamos los enlaces de diversos navegadores, a trav\u00e9s de los cuales podr\u00e1 realizar dicha configuraci\u00f3n:<\/p>\n<p>Firefox desde aqu\u00ed: http:\/\/support.mozilla.org\/es\/kb\/habilitar-y-deshabilitar-cookies-que-lossitios-we<\/p>\n<p>Chrome desde aqu\u00ed: http:\/\/support.google.com\/chrome\/bin\/answer.py?hl=es&amp;answer=95647<\/p>\n<p>Explorer desde aqu\u00ed: http:\/\/windows.microsoft.com\/es-es\/internet-explorer\/delete-managecookies# ie=ie-10<\/p>\n<p>Safari desde aqu\u00ed: http:\/\/support.apple.com\/kb\/ph5042<\/p>\n<p>Opera desde aqu\u00ed: http:\/\/help.opera.com\/Windows\/11.50\/es-ES\/cookies.html<\/p>\n","protected":false},"excerpt":{"rendered":"<p>Una Cookie es un fichero que se descarga en su ordenador al acceder a determinadas p\u00e1ginas web. Las cookies permiten a una p\u00e1gina web, entre otras cosas, almacenar y recuperar &#8230;<\/p>\n","protected":false},"author":1,"featured_media":0,"parent":0,"menu_order":0,"comment_status":"closed","ping_status":"closed","template":"","meta":[],"acf":[],"yoast_head":"<!-- This site is optimized with the Yoast SEO plugin v20.5 - https:\/\/yoast.com\/wordpress\/plugins\/seo\/ -->\n<title>Pol\u00edtica de Cookies - Esther Guesdon<\/title>\n<meta name=\"robots\" content=\"index, follow, max-snippet:-1, max-image-preview:large, max-video-preview:-1\" \/>\n<link rel=\"canonical\" href=\"https:\/\/guesdoninmobiliaria.com\/fr\/politica-de-cookies\/\" \/>\n<meta property=\"og:locale\" content=\"fr_FR\" \/>\n<meta property=\"og:type\" content=\"article\" \/>\n<meta property=\"og:title\" content=\"Pol\u00edtica de Cookies - Esther Guesdon\" \/>\n<meta property=\"og:description\" content=\"Una Cookie es un fichero que se descarga en su ordenador al acceder a determinadas p\u00e1ginas web. Las cookies permiten a una p\u00e1gina web, entre otras cosas, almacenar y recuperar ...\" \/>\n<meta property=\"og:url\" content=\"https:\/\/guesdoninmobiliaria.com\/fr\/politica-de-cookies\/\" \/>\n<meta property=\"og:site_name\" content=\"Esther Guesdon\" \/>\n<meta property=\"article:modified_time\" content=\"2020-07-17T10:27:41+00:00\" \/>\n<meta name=\"twitter:card\" content=\"summary_large_image\" \/>\n<meta name=\"twitter:label1\" content=\"Dur\u00e9e de lecture estim\u00e9e\" \/>\n\t<meta name=\"twitter:data1\" content=\"3 minutes\" \/>\n<script type=\"application\/ld+json\" class=\"yoast-schema-graph\">{\"@context\":\"https:\/\/schema.org\",\"@graph\":[{\"@type\":\"WebPage\",\"@id\":\"https:\/\/guesdoninmobiliaria.com\/fr\/politica-de-cookies\/\",\"url\":\"https:\/\/guesdoninmobiliaria.com\/fr\/politica-de-cookies\/\",\"name\":\"Pol\u00edtica de Cookies - Esther Guesdon\",\"isPartOf\":{\"@id\":\"https:\/\/guesdoninmobiliaria.com\/fr\/#website\"},\"datePublished\":\"2016-05-23T09:48:12+00:00\",\"dateModified\":\"2020-07-17T10:27:41+00:00\",\"breadcrumb\":{\"@id\":\"https:\/\/guesdoninmobiliaria.com\/fr\/politica-de-cookies\/#breadcrumb\"},\"inLanguage\":\"fr-FR\",\"potentialAction\":[{\"@type\":\"ReadAction\",\"target\":[\"https:\/\/guesdoninmobiliaria.com\/fr\/politica-de-cookies\/\"]}]},{\"@type\":\"BreadcrumbList\",\"@id\":\"https:\/\/guesdoninmobiliaria.com\/fr\/politica-de-cookies\/#breadcrumb\",\"itemListElement\":[{\"@type\":\"ListItem\",\"position\":1,\"name\":\"Portada\",\"item\":\"https:\/\/guesdoninmobiliaria.com\/fr\/\"},{\"@type\":\"ListItem\",\"position\":2,\"name\":\"Pol\u00edtica de Cookies\"}]},{\"@type\":\"WebSite\",\"@id\":\"https:\/\/guesdoninmobiliaria.com\/fr\/#website\",\"url\":\"https:\/\/guesdoninmobiliaria.com\/fr\/\",\"name\":\"Guesdon Inmobiliaria\",\"description\":\"Inmobiliaria\",\"potentialAction\":[{\"@type\":\"SearchAction\",\"target\":{\"@type\":\"EntryPoint\",\"urlTemplate\":\"https:\/\/guesdoninmobiliaria.com\/fr\/?s={search_term_string}\"},\"query-input\":\"required name=search_term_string\"}],\"inLanguage\":\"fr-FR\"}]}<\/script>\n<!-- \/ Yoast SEO plugin. -->","yoast_head_json":{"title":"Pol\u00edtica de Cookies - Esther Guesdon","robots":{"index":"index","follow":"follow","max-snippet":"max-snippet:-1","max-image-preview":"max-image-preview:large","max-video-preview":"max-video-preview:-1"},"canonical":"https:\/\/guesdoninmobiliaria.com\/fr\/politica-de-cookies\/","og_locale":"fr_FR","og_type":"article","og_title":"Pol\u00edtica de Cookies - Esther Guesdon","og_description":"Una Cookie es un fichero que se descarga en su ordenador al acceder a determinadas p\u00e1ginas web. Las cookies permiten a una p\u00e1gina web, entre otras cosas, almacenar y recuperar ...","og_url":"https:\/\/guesdoninmobiliaria.com\/fr\/politica-de-cookies\/","og_site_name":"Esther Guesdon","article_modified_time":"2020-07-17T10:27:41+00:00","twitter_card":"summary_large_image","twitter_misc":{"Dur\u00e9e de lecture estim\u00e9e":"3 minutes"},"schema":{"@context":"https:\/\/schema.org","@graph":[{"@type":"WebPage","@id":"https:\/\/guesdoninmobiliaria.com\/fr\/politica-de-cookies\/","url":"https:\/\/guesdoninmobiliaria.com\/fr\/politica-de-cookies\/","name":"Pol\u00edtica de Cookies - Esther Guesdon","isPartOf":{"@id":"https:\/\/guesdoninmobiliaria.com\/fr\/#website"},"datePublished":"2016-05-23T09:48:12+00:00","dateModified":"2020-07-17T10:27:41+00:00","breadcrumb":{"@id":"https:\/\/guesdoninmobiliaria.com\/fr\/politica-de-cookies\/#breadcrumb"},"inLanguage":"fr-FR","potentialAction":[{"@type":"ReadAction","target":["https:\/\/guesdoninmobiliaria.com\/fr\/politica-de-cookies\/"]}]},{"@type":"BreadcrumbList","@id":"https:\/\/guesdoninmobiliaria.com\/fr\/politica-de-cookies\/#breadcrumb","itemListElement":[{"@type":"ListItem","position":1,"name":"Portada","item":"https:\/\/guesdoninmobiliaria.com\/fr\/"},{"@type":"ListItem","position":2,"name":"Pol\u00edtica de Cookies"}]},{"@type":"WebSite","@id":"https:\/\/guesdoninmobiliaria.com\/fr\/#website","url":"https:\/\/guesdoninmobiliaria.com\/fr\/","name":"Guesdon Inmobiliaria","description":"Inmobiliaria","potentialAction":[{"@type":"SearchAction","target":{"@type":"EntryPoint","urlTemplate":"https:\/\/guesdoninmobiliaria.com\/fr\/?s={search_term_string}"},"query-input":"required name=search_term_string"}],"inLanguage":"fr-FR"}]}},"_links":{"self":[{"href":"https:\/\/guesdoninmobiliaria.com\/fr\/wp-json\/wp\/v2\/pages\/12357"}],"collection":[{"href":"https:\/\/guesdoninmobiliaria.com\/fr\/wp-json\/wp\/v2\/pages"}],"about":[{"href":"https:\/\/guesdoninmobiliaria.com\/fr\/wp-json\/wp\/v2\/types\/page"}],"author":[{"embeddable":true,"href":"https:\/\/guesdoninmobiliaria.com\/fr\/wp-json\/wp\/v2\/users\/1"}],"replies":[{"embeddable":true,"href":"https:\/\/guesdoninmobiliaria.com\/fr\/wp-json\/wp\/v2\/comments?post=12357"}],"version-history":[{"count":0,"href":"https:\/\/guesdoninmobiliaria.com\/fr\/wp-json\/wp\/v2\/pages\/12357\/revisions"}],"wp:attachment":[{"href":"https:\/\/guesdoninmobiliaria.com\/fr\/wp-json\/wp\/v2\/media?parent=12357"}],"curies":[{"name":"wp","href":"https:\/\/api.w.org\/{rel}","templated":true}]}}