{"id":12349,"date":"2013-12-05T02:14:55","date_gmt":"2013-12-05T02:14:55","guid":{"rendered":"https:\/\/guesdoninmobiliaria.es\/contacto\/"},"modified":"2020-11-27T12:57:19","modified_gmt":"2020-11-27T12:57:19","slug":"contacto","status":"publish","type":"page","link":"https:\/\/guesdoninmobiliaria.com\/fr\/contacto\/","title":{"rendered":"Contact <mark>Esther Guesdon Inmobiliaria<\/mark>"},"content":{"rendered":"<p><center><label><i class=\"fa fa-envelope\"><\/i> Email: <a href=\"mailto: esther@guesdoninmobiliaria.com\">esther@guesdoninmobiliaria.com <\/a><\/label><br \/>\n<label><i class=\"fa fa-map-marker\"><\/i> Direcci\u00f3n: C\/ Sant Joan, 4A. 07100 S\u00f3ller, Illes Balears<\/label><br \/>\n<label><i class=\"fa fa-phone\"><\/i> T\u00e9l\u00e9phone: + 34 680 434 887<\/label><\/center><br \/>\n<!--\n\n<h2 style=\"text-align: center; margin-top: 45px;\">Demande d'information<\/h2>\n\n\n&nbsp;\n--><\/p>\n","protected":false},"excerpt":{"rendered":"<p>Email: esther@guesdoninmobiliaria.com Direcci\u00f3n: C\/ Sant Joan, 4A. 07100 S\u00f3ller, Illes Balears T\u00e9l\u00e9phone: + 34 680 434 887<\/p>\n","protected":false},"author":1,"featured_media":0,"parent":0,"menu_order":0,"comment_status":"open","ping_status":"closed","template":"templates\/template-contact.php","meta":[],"acf":[],"yoast_head":"<!-- This site is optimized with the Yoast SEO plugin v20.5 - https:\/\/yoast.com\/wordpress\/plugins\/seo\/ -->\n<title>ESTHER GUESDON Agence immobili\u00e8re \u00e0 Soller, Majorque<\/title>\n<meta name=\"robots\" content=\"index, follow, max-snippet:-1, max-image-preview:large, max-video-preview:-1\" \/>\n<link rel=\"canonical\" href=\"https:\/\/guesdoninmobiliaria.com\/fr\/contacto\/\" \/>\n<meta property=\"og:locale\" content=\"fr_FR\" \/>\n<meta property=\"og:type\" content=\"article\" \/>\n<meta property=\"og:title\" content=\"ESTHER GUESDON Agence immobili\u00e8re \u00e0 Soller, Majorque\" \/>\n<meta property=\"og:description\" content=\"Email: esther@guesdoninmobiliaria.com Direcci\u00f3n: C\/ Sant Joan, 4A. 07100 S\u00f3ller, Illes Balears T\u00e9l\u00e9phone: + 34 680 434 887\" \/>\n<meta property=\"og:url\" content=\"https:\/\/guesdoninmobiliaria.com\/fr\/contacto\/\" \/>\n<meta property=\"og:site_name\" content=\"Esther Guesdon\" \/>\n<meta property=\"article:modified_time\" content=\"2020-11-27T12:57:19+00:00\" \/>\n<meta name=\"twitter:card\" content=\"summary_large_image\" \/>\n<script type=\"application\/ld+json\" class=\"yoast-schema-graph\">{\"@context\":\"https:\/\/schema.org\",\"@graph\":[{\"@type\":\"WebPage\",\"@id\":\"https:\/\/guesdoninmobiliaria.com\/fr\/contacto\/\",\"url\":\"https:\/\/guesdoninmobiliaria.com\/fr\/contacto\/\",\"name\":\"ESTHER GUESDON Agence immobili\u00e8re \u00e0 Soller, Majorque\",\"isPartOf\":{\"@id\":\"https:\/\/guesdoninmobiliaria.com\/fr\/#website\"},\"datePublished\":\"2013-12-05T02:14:55+00:00\",\"dateModified\":\"2020-11-27T12:57:19+00:00\",\"breadcrumb\":{\"@id\":\"https:\/\/guesdoninmobiliaria.com\/fr\/contacto\/#breadcrumb\"},\"inLanguage\":\"fr-FR\",\"potentialAction\":[{\"@type\":\"ReadAction\",\"target\":[\"https:\/\/guesdoninmobiliaria.com\/fr\/contacto\/\"]}]},{\"@type\":\"BreadcrumbList\",\"@id\":\"https:\/\/guesdoninmobiliaria.com\/fr\/contacto\/#breadcrumb\",\"itemListElement\":[{\"@type\":\"ListItem\",\"position\":1,\"name\":\"Portada\",\"item\":\"https:\/\/guesdoninmobiliaria.com\/fr\/\"},{\"@type\":\"ListItem\",\"position\":2,\"name\":\"Contact Esther Guesdon Inmobiliaria\"}]},{\"@type\":\"WebSite\",\"@id\":\"https:\/\/guesdoninmobiliaria.com\/fr\/#website\",\"url\":\"https:\/\/guesdoninmobiliaria.com\/fr\/\",\"name\":\"Guesdon Inmobiliaria\",\"description\":\"Inmobiliaria\",\"potentialAction\":[{\"@type\":\"SearchAction\",\"target\":{\"@type\":\"EntryPoint\",\"urlTemplate\":\"https:\/\/guesdoninmobiliaria.com\/fr\/?s={search_term_string}\"},\"query-input\":\"required name=search_term_string\"}],\"inLanguage\":\"fr-FR\"}]}<\/script>\n<!-- \/ Yoast SEO plugin. -->","yoast_head_json":{"title":"ESTHER GUESDON Agence immobili\u00e8re \u00e0 Soller, Majorque","robots":{"index":"index","follow":"follow","max-snippet":"max-snippet:-1","max-image-preview":"max-image-preview:large","max-video-preview":"max-video-preview:-1"},"canonical":"https:\/\/guesdoninmobiliaria.com\/fr\/contacto\/","og_locale":"fr_FR","og_type":"article","og_title":"ESTHER GUESDON Agence immobili\u00e8re \u00e0 Soller, Majorque","og_description":"Email: esther@guesdoninmobiliaria.com Direcci\u00f3n: C\/ Sant Joan, 4A. 07100 S\u00f3ller, Illes Balears T\u00e9l\u00e9phone: + 34 680 434 887","og_url":"https:\/\/guesdoninmobiliaria.com\/fr\/contacto\/","og_site_name":"Esther Guesdon","article_modified_time":"2020-11-27T12:57:19+00:00","twitter_card":"summary_large_image","schema":{"@context":"https:\/\/schema.org","@graph":[{"@type":"WebPage","@id":"https:\/\/guesdoninmobiliaria.com\/fr\/contacto\/","url":"https:\/\/guesdoninmobiliaria.com\/fr\/contacto\/","name":"ESTHER GUESDON Agence immobili\u00e8re \u00e0 Soller, Majorque","isPartOf":{"@id":"https:\/\/guesdoninmobiliaria.com\/fr\/#website"},"datePublished":"2013-12-05T02:14:55+00:00","dateModified":"2020-11-27T12:57:19+00:00","breadcrumb":{"@id":"https:\/\/guesdoninmobiliaria.com\/fr\/contacto\/#breadcrumb"},"inLanguage":"fr-FR","potentialAction":[{"@type":"ReadAction","target":["https:\/\/guesdoninmobiliaria.com\/fr\/contacto\/"]}]},{"@type":"BreadcrumbList","@id":"https:\/\/guesdoninmobiliaria.com\/fr\/contacto\/#breadcrumb","itemListElement":[{"@type":"ListItem","position":1,"name":"Portada","item":"https:\/\/guesdoninmobiliaria.com\/fr\/"},{"@type":"ListItem","position":2,"name":"Contact Esther Guesdon Inmobiliaria"}]},{"@type":"WebSite","@id":"https:\/\/guesdoninmobiliaria.com\/fr\/#website","url":"https:\/\/guesdoninmobiliaria.com\/fr\/","name":"Guesdon Inmobiliaria","description":"Inmobiliaria","potentialAction":[{"@type":"SearchAction","target":{"@type":"EntryPoint","urlTemplate":"https:\/\/guesdoninmobiliaria.com\/fr\/?s={search_term_string}"},"query-input":"required name=search_term_string"}],"inLanguage":"fr-FR"}]}},"_links":{"self":[{"href":"https:\/\/guesdoninmobiliaria.com\/fr\/wp-json\/wp\/v2\/pages\/12349"}],"collection":[{"href":"https:\/\/guesdoninmobiliaria.com\/fr\/wp-json\/wp\/v2\/pages"}],"about":[{"href":"https:\/\/guesdoninmobiliaria.com\/fr\/wp-json\/wp\/v2\/types\/page"}],"author":[{"embeddable":true,"href":"https:\/\/guesdoninmobiliaria.com\/fr\/wp-json\/wp\/v2\/users\/1"}],"replies":[{"embeddable":true,"href":"https:\/\/guesdoninmobiliaria.com\/fr\/wp-json\/wp\/v2\/comments?post=12349"}],"version-history":[{"count":2,"href":"https:\/\/guesdoninmobiliaria.com\/fr\/wp-json\/wp\/v2\/pages\/12349\/revisions"}],"predecessor-version":[{"id":31706,"href":"https:\/\/guesdoninmobiliaria.com\/fr\/wp-json\/wp\/v2\/pages\/12349\/revisions\/31706"}],"wp:attachment":[{"href":"https:\/\/guesdoninmobiliaria.com\/fr\/wp-json\/wp\/v2\/media?parent=12349"}],"curies":[{"name":"wp","href":"https:\/\/api.w.org\/{rel}","templated":true}]}}