{"id":12364,"date":"2013-12-05T02:00:21","date_gmt":"2013-12-05T02:00:21","guid":{"rendered":"https:\/\/guesdoninmobiliaria.es\/empresa\/"},"modified":"2025-05-30T08:32:29","modified_gmt":"2025-05-30T08:32:29","slug":"empresa","status":"publish","type":"page","link":"https:\/\/guesdoninmobiliaria.com\/en\/empresa\/","title":{"rendered":"Company"},"content":{"rendered":"<div class='clearfix'>\n<div class='typo_one-half '>\n<p><img loading=\"lazy\" class=\"alignnone size-full wp-image-28694\" src=\"https:\/\/guesdoninmobiliaria.com\/wp-content\/uploads\/2020\/07\/guesdon.jpg\" alt=\"\" width=\"516\" height=\"652\" srcset=\"https:\/\/guesdoninmobiliaria.com\/wp-content\/uploads\/2020\/07\/guesdon.jpg 516w, https:\/\/guesdoninmobiliaria.com\/wp-content\/uploads\/2020\/07\/guesdon-237x300.jpg 237w\" sizes=\"(max-width: 516px) 100vw, 516px\" \/><\/p>\n<\/div>\n<div class='typo_one-half typo_last'>\n<h3><\/h3>\n<h3><span style=\"color: #b49e7a;\"><strong>QUALITY REAL ESTATE SERVICES<\/strong><\/span><\/h3>\n<p><strong>Esther Guesdon Inmobiliaria<\/strong> in S\u00f3ller is a Real Estate Agency located in S\u00f3ller (Mallorca) whose objectives are to offer quality real estate services by mediating and advising on the entire property buying and selling process. I am an expert, professional, transparent, ethical and honest <strong>real estate advisor<\/strong> with my clients and my mission is to make it easier for clients to make such an important decision.<\/p>\n<p>&nbsp;<\/p>\n<h3><span style=\"color: #b49e7a;\"><strong>REAL ESTATE CONFIDENCE ADVISOR<\/strong><\/span><\/h3>\n<p>I live and work in S\u00f3ller, and I am a real estate agent, with <strong>Official Registration number of Real Estate Agents of the Balearic Islands (ROAIIB): GOIBE12189\/2025<\/strong>, and with associate number 2000 of the Balearic Association of Real Estate Advisors (ABAI). I also have the \u2018Central Reservation Centre\u2019 number CR\/64 for the management of Holiday Tourism properties. I offer my experience in the real estate sector and my knowledge of the town of S\u00f3ller for anyone looking for properties in S\u00f3ller and surroundings, or who wish to sell their home in Mallorca.<\/p>\n<p>I like to be valued for my efficiency and real estate professionalism, that the experience of my clients in buying or selling a home is simple and without surprises. I offer quality real estate solutions to my clients, contributing my experience, dedication and work to find the home that best suits their needs, with a wide portfolio of properties such as flats, houses, fincas, olive groves, premises, offices, etc. located in S\u00f3ller and its surroundings (Port de S\u00f3ller, Fornalutx, Biniaraix, Dei\u00e0 &#8230;)<\/p>\n<\/div>\n<\/div>\n<p style=\"text-align: center;\"><blockquote class='typo_style2 '><p>I help you sell your house &#8230; or find your new home in Mallorca.<\/p><\/blockquote>\n","protected":false},"excerpt":{"rendered":"","protected":false},"author":1,"featured_media":0,"parent":0,"menu_order":0,"comment_status":"closed","ping_status":"closed","template":"templates\/template-fullwidth.php","meta":[],"acf":[],"yoast_head":"<!-- This site is optimized with the Yoast SEO plugin v20.5 - https:\/\/yoast.com\/wordpress\/plugins\/seo\/ -->\n<title>Real estate in S\u00f3ller, Mallorca | Properties for sale and rent | GUESDON<\/title>\n<meta name=\"robots\" content=\"index, follow, max-snippet:-1, max-image-preview:large, max-video-preview:-1\" \/>\n<link rel=\"canonical\" href=\"https:\/\/guesdoninmobiliaria.com\/en\/empresa\/\" \/>\n<meta property=\"og:locale\" content=\"en_US\" \/>\n<meta property=\"og:type\" content=\"article\" \/>\n<meta property=\"og:title\" content=\"Real estate in S\u00f3ller, Mallorca | Properties for sale and rent | GUESDON\" \/>\n<meta property=\"og:url\" content=\"https:\/\/guesdoninmobiliaria.com\/en\/empresa\/\" \/>\n<meta property=\"og:site_name\" content=\"Esther Guesdon\" \/>\n<meta property=\"article:modified_time\" content=\"2025-05-30T08:32:29+00:00\" \/>\n<meta property=\"og:image\" content=\"https:\/\/guesdoninmobiliaria.com\/wp-content\/uploads\/2020\/07\/guesdon.jpg\" \/>\n<meta name=\"twitter:card\" content=\"summary_large_image\" \/>\n<meta name=\"twitter:label1\" content=\"Est. reading time\" \/>\n\t<meta name=\"twitter:data1\" content=\"2 minutes\" \/>\n<script type=\"application\/ld+json\" class=\"yoast-schema-graph\">{\"@context\":\"https:\/\/schema.org\",\"@graph\":[{\"@type\":\"WebPage\",\"@id\":\"https:\/\/guesdoninmobiliaria.com\/en\/empresa\/\",\"url\":\"https:\/\/guesdoninmobiliaria.com\/en\/empresa\/\",\"name\":\"Real estate in S\u00f3ller, Mallorca | Properties for sale and rent | GUESDON\",\"isPartOf\":{\"@id\":\"https:\/\/guesdoninmobiliaria.com\/en\/#website\"},\"datePublished\":\"2013-12-05T02:00:21+00:00\",\"dateModified\":\"2025-05-30T08:32:29+00:00\",\"breadcrumb\":{\"@id\":\"https:\/\/guesdoninmobiliaria.com\/en\/empresa\/#breadcrumb\"},\"inLanguage\":\"en-US\",\"potentialAction\":[{\"@type\":\"ReadAction\",\"target\":[\"https:\/\/guesdoninmobiliaria.com\/en\/empresa\/\"]}]},{\"@type\":\"BreadcrumbList\",\"@id\":\"https:\/\/guesdoninmobiliaria.com\/en\/empresa\/#breadcrumb\",\"itemListElement\":[{\"@type\":\"ListItem\",\"position\":1,\"name\":\"Portada\",\"item\":\"https:\/\/guesdoninmobiliaria.com\/en\/\"},{\"@type\":\"ListItem\",\"position\":2,\"name\":\"Company\"}]},{\"@type\":\"WebSite\",\"@id\":\"https:\/\/guesdoninmobiliaria.com\/en\/#website\",\"url\":\"https:\/\/guesdoninmobiliaria.com\/en\/\",\"name\":\"Guesdon Inmobiliaria\",\"description\":\"Inmobiliaria\",\"potentialAction\":[{\"@type\":\"SearchAction\",\"target\":{\"@type\":\"EntryPoint\",\"urlTemplate\":\"https:\/\/guesdoninmobiliaria.com\/en\/?s={search_term_string}\"},\"query-input\":\"required name=search_term_string\"}],\"inLanguage\":\"en-US\"}]}<\/script>\n<!-- \/ Yoast SEO plugin. -->","yoast_head_json":{"title":"Real estate in S\u00f3ller, Mallorca | Properties for sale and rent | GUESDON","robots":{"index":"index","follow":"follow","max-snippet":"max-snippet:-1","max-image-preview":"max-image-preview:large","max-video-preview":"max-video-preview:-1"},"canonical":"https:\/\/guesdoninmobiliaria.com\/en\/empresa\/","og_locale":"en_US","og_type":"article","og_title":"Real estate in S\u00f3ller, Mallorca | Properties for sale and rent | GUESDON","og_url":"https:\/\/guesdoninmobiliaria.com\/en\/empresa\/","og_site_name":"Esther Guesdon","article_modified_time":"2025-05-30T08:32:29+00:00","og_image":[{"url":"https:\/\/guesdoninmobiliaria.com\/wp-content\/uploads\/2020\/07\/guesdon.jpg"}],"twitter_card":"summary_large_image","twitter_misc":{"Est. reading time":"2 minutes"},"schema":{"@context":"https:\/\/schema.org","@graph":[{"@type":"WebPage","@id":"https:\/\/guesdoninmobiliaria.com\/en\/empresa\/","url":"https:\/\/guesdoninmobiliaria.com\/en\/empresa\/","name":"Real estate in S\u00f3ller, Mallorca | Properties for sale and rent | GUESDON","isPartOf":{"@id":"https:\/\/guesdoninmobiliaria.com\/en\/#website"},"datePublished":"2013-12-05T02:00:21+00:00","dateModified":"2025-05-30T08:32:29+00:00","breadcrumb":{"@id":"https:\/\/guesdoninmobiliaria.com\/en\/empresa\/#breadcrumb"},"inLanguage":"en-US","potentialAction":[{"@type":"ReadAction","target":["https:\/\/guesdoninmobiliaria.com\/en\/empresa\/"]}]},{"@type":"BreadcrumbList","@id":"https:\/\/guesdoninmobiliaria.com\/en\/empresa\/#breadcrumb","itemListElement":[{"@type":"ListItem","position":1,"name":"Portada","item":"https:\/\/guesdoninmobiliaria.com\/en\/"},{"@type":"ListItem","position":2,"name":"Company"}]},{"@type":"WebSite","@id":"https:\/\/guesdoninmobiliaria.com\/en\/#website","url":"https:\/\/guesdoninmobiliaria.com\/en\/","name":"Guesdon Inmobiliaria","description":"Inmobiliaria","potentialAction":[{"@type":"SearchAction","target":{"@type":"EntryPoint","urlTemplate":"https:\/\/guesdoninmobiliaria.com\/en\/?s={search_term_string}"},"query-input":"required name=search_term_string"}],"inLanguage":"en-US"}]}},"_links":{"self":[{"href":"https:\/\/guesdoninmobiliaria.com\/en\/wp-json\/wp\/v2\/pages\/12364"}],"collection":[{"href":"https:\/\/guesdoninmobiliaria.com\/en\/wp-json\/wp\/v2\/pages"}],"about":[{"href":"https:\/\/guesdoninmobiliaria.com\/en\/wp-json\/wp\/v2\/types\/page"}],"author":[{"embeddable":true,"href":"https:\/\/guesdoninmobiliaria.com\/en\/wp-json\/wp\/v2\/users\/1"}],"replies":[{"embeddable":true,"href":"https:\/\/guesdoninmobiliaria.com\/en\/wp-json\/wp\/v2\/comments?post=12364"}],"version-history":[{"count":6,"href":"https:\/\/guesdoninmobiliaria.com\/en\/wp-json\/wp\/v2\/pages\/12364\/revisions"}],"predecessor-version":[{"id":57402,"href":"https:\/\/guesdoninmobiliaria.com\/en\/wp-json\/wp\/v2\/pages\/12364\/revisions\/57402"}],"wp:attachment":[{"href":"https:\/\/guesdoninmobiliaria.com\/en\/wp-json\/wp\/v2\/media?parent=12364"}],"curies":[{"name":"wp","href":"https:\/\/api.w.org\/{rel}","templated":true}]}}