{"id":12360,"date":"2016-05-23T09:39:11","date_gmt":"2016-05-23T09:39:11","guid":{"rendered":"https:\/\/guesdoninmobiliaria.es\/politica-de-privacidad-redes-sociales\/"},"modified":"2021-05-19T08:15:02","modified_gmt":"2021-05-19T08:15:02","slug":"politica-de-privacidad-redes-sociales","status":"publish","type":"page","link":"https:\/\/guesdoninmobiliaria.com\/en\/politica-de-privacidad-redes-sociales\/","title":{"rendered":"Pol\u00edtica de privacidad redes sociales"},"content":{"rendered":"<p>En cumplimiento de la Ley Org\u00e1nica 15\/1999, de 13 de diciembre, de Protecci\u00f3n de Datos de Car\u00e1cter Personal (LOPD) y la Ley 34\/2002, de 11 de julio, de Servicios de la Sociedad de la Informaci\u00f3n y de Comercio Electr\u00f3nico (LSSI-CE), ESTHER GUESDON INMOBILIARIA informa a los usuarios, que ha procedido a crear un perfil en la Red Social Facebook, con la finalidad principal de publicitar sus productos y servicios.<\/p>\n<p>Datos de ESTHER GUESDON INMOBILIARIA:<\/p>\n<p>X-1562973-P<\/p>\n<p>C\/ SANT JOAN, N\u00ba 4A 07100, S\u00d3LLER (ILLES BALEARS)<\/p>\n<p><a href=\"mailto:esther@guesdoninmobiliaria.com\">esther@guesdoninmobiliaria.com<\/a><\/p>\n<p>&nbsp;<\/p>\n<p>El usuario dispone de un perfil en la misma Red Social y ha decidido unirse a la p\u00e1gina creada por ESTHER GUESDON INMOBILIARIA, mostrando as\u00ed inter\u00e9s en la informaci\u00f3n que se publicite en la Red. Al unirse a nuestra p\u00e1gina, nos facilita su consentimiento para el tratamiento de aquellos datos personales publicados en su perfil.<\/p>\n<p>El usuario puede acceder en todo momento a las pol\u00edticas de privacidad de la propia Red Social, as\u00ed como configurar su perfil para garantizar su privacidad.<\/p>\n<p>ESTHER GUESDON INMOBILIARIA tiene acceso y trata aquella informaci\u00f3n p\u00fablica del usuario, en especial, su nombre de contacto. Estos datos, s\u00f3lo son utilizados dentro de la propia Red Social. No son incorporados a ning\u00fan fichero.<\/p>\n<p>En relaci\u00f3n a los derechos de acceso, rectificaci\u00f3n, cancelaci\u00f3n y oposici\u00f3n, de los que usted dispone y que pueden ser ejercitados ante ESTHER GUESDON INMOBILIARIA, de acuerdo con la LOPD, debe tener en cuenta los siguientes matices:<\/p>\n<ul>\n<li>Acceso: Vendr\u00e1 definido por la funcionalidad de la Red Social y la capacidad de acceso a la informaci\u00f3n de los perfiles de los usuarios.<\/li>\n<\/ul>\n<ul>\n<li>Rectificaci\u00f3n: S\u00f3lo podr\u00e1 satisfacerse en relaci\u00f3n a aquella informaci\u00f3n que se encuentre bajo el control de ESTHER GUESDON INMOBILIARIA, por ejemplo, eliminar comentarios publicados en la propia p\u00e1gina. Normalmente, este derecho deber\u00e1 ejercerlo ante la Red Social.<\/li>\n<\/ul>\n<ul>\n<li>Cancelaci\u00f3n y\/u Oposici\u00f3n: Como en el caso anterior, s\u00f3lo podr\u00e1 satisfacerse en relaci\u00f3n a aquella informaci\u00f3n que se encuentre bajo el control de ESTHER GUESDON INMOBILIARIA, por ejemplo, dejar de estar unido al perfil.<\/li>\n<\/ul>\n<p>ESTHER GUESDON INMOBILIARIA realizar\u00e1 las siguientes actuaciones:<\/p>\n<ul>\n<li>Acceso a la informaci\u00f3n p\u00fablica del perfil.<\/li>\n<\/ul>\n<ul>\n<li>Publicaci\u00f3n en el perfil del usuario de toda aquella informaci\u00f3n ya publicada en la p\u00e1gina de ESTHER GUESDON INMOBILIARIA.<\/li>\n<\/ul>\n<ul>\n<li>Enviar mensajes personales e individuales a trav\u00e9s de los canales de la Red Social.<\/li>\n<\/ul>\n<ul>\n<li>Actualizaciones del estado de la p\u00e1gina que se publicar\u00e1n en el perfil del usuario. El usuario siempre puede controlar sus conexiones, eliminar los contenidos que dejen de interesarle y restringir con qui\u00e9n comparte sus conexiones, para ello deber\u00e1 acceder a su configuraci\u00f3n de privacidad.<\/li>\n<\/ul>\n<p>&nbsp;<\/p>\n<p><strong>Publicaciones<\/strong><\/p>\n<p>El usuario, una vez unido a la p\u00e1gina de ESTHER GUESDON INMOBILIARIA, podr\u00e1 publicar en \u00e9sta \u00faltima comentarios, enlaces, im\u00e1genes o fotograf\u00edas o cualquier otro tipo de contenido multimedia soportado por la Red Social. El usuario, en todos los casos, debe ser el titular de los mismos, gozar de los derechos de autor y de propiedad intelectual o contar con el consentimiento de los terceros afectados. Se proh\u00edbe expresamente cualquier publicaci\u00f3n en la p\u00e1gina, ya sean textos, gr\u00e1ficos, fotograf\u00edas, v\u00eddeos, etc. que atenten o sean susceptibles de atentar contra la moral, la \u00e9tica, el buen gusto o el decoro, y\/o que infrinjan, violen o quebranten los derechos de propiedad intelectual o industrial, el derecho a la imagen o la Ley. En estos casos, ESTHER GUESDON INMOBILIARIA se reserva el derecho a retirar de inmediato el contenido, pudiendo solicitar el bloqueo permanente del usuario.<\/p>\n<p>ESTHER GUESDON INMOBILIARIA no se har\u00e1 responsable de los contenidos que libremente ha publicado un usuario.<\/p>\n<p>El usuario debe tener presente que sus publicaciones ser\u00e1n conocidas por los otros usuarios, por lo que \u00e9l mismo es el principal responsable de su privacidad.<\/p>\n<p>Las im\u00e1genes que puedan publicarse en la p\u00e1gina no ser\u00e1n almacenadas en ning\u00fan fichero por parte de ESTHER GUESDON INMOBILIARIA, pero s\u00ed que permanecer\u00e1n en la Red Social.<\/p>\n<p><strong>Concursos y promociones<\/strong><\/p>\n<p>ESTHER GUESDON INMOBILIARIA se reserva el derecho a realizar concursos y promociones, en los que podr\u00e1 participar el usuario unido a su p\u00e1gina. Las bases de cada uno de ellos, cuando se utilice para ello la plataforma de la Red Social, ser\u00e1n publicadas en la misma. Cumpliendo siempre con la LSSI-CE y con cualquier otra norma que le sea de aplicaci\u00f3n.<\/p>\n<p>La Red Social no patrocina, avala, ni administra, de modo alguno, ninguna de nuestras promociones, ni est\u00e1 asociada a ninguna de ellas.<\/p>\n<p><strong>Publicidad<\/strong><\/p>\n<p>ESTHER GUESDON INMOBILIARIA utilizar\u00e1 la Red Social para publicitar sus productos y servicios, en todo caso, si decide tratar sus datos de contacto para realizar acciones directas de prospecci\u00f3n comercial, ser\u00e1 siempre, cumpliendo con las exigencias legales de la LOPD y de la LSSI-CE.<\/p>\n<p>No se considerar\u00e1 publicidad el hecho de recomendar a otros usuarios la p\u00e1gina de ESTHER GUESDON INMOBILIARIA para que tambi\u00e9n ellos puedan disfrutar de las promociones o estar informados de su actividad.<\/p>\n<p>A continuaci\u00f3n detallamos el enlace a la pol\u00edtica de privacidad de la Red Social: Facebook: https:\/\/www.facebook.com\/help\/323540651073243\/<\/p>\n","protected":false},"excerpt":{"rendered":"<p>En cumplimiento de la Ley Org\u00e1nica 15\/1999, de 13 de diciembre, de Protecci\u00f3n de Datos de Car\u00e1cter Personal (LOPD) y la Ley 34\/2002, de 11 de julio, de Servicios de &#8230;<\/p>\n","protected":false},"author":1,"featured_media":0,"parent":0,"menu_order":0,"comment_status":"closed","ping_status":"closed","template":"","meta":[],"acf":[],"yoast_head":"<!-- This site is optimized with the Yoast SEO plugin v20.5 - https:\/\/yoast.com\/wordpress\/plugins\/seo\/ -->\n<title>Pol\u00edtica de privacidad redes sociales - Esther Guesdon<\/title>\n<meta name=\"robots\" content=\"index, follow, max-snippet:-1, max-image-preview:large, max-video-preview:-1\" \/>\n<link rel=\"canonical\" href=\"https:\/\/guesdoninmobiliaria.com\/en\/politica-de-privacidad-redes-sociales\/\" \/>\n<meta property=\"og:locale\" content=\"en_US\" \/>\n<meta property=\"og:type\" content=\"article\" \/>\n<meta property=\"og:title\" content=\"Pol\u00edtica de privacidad redes sociales - Esther Guesdon\" \/>\n<meta property=\"og:description\" content=\"En cumplimiento de la Ley Org\u00e1nica 15\/1999, de 13 de diciembre, de Protecci\u00f3n de Datos de Car\u00e1cter Personal (LOPD) y la Ley 34\/2002, de 11 de julio, de Servicios de ...\" \/>\n<meta property=\"og:url\" content=\"https:\/\/guesdoninmobiliaria.com\/en\/politica-de-privacidad-redes-sociales\/\" \/>\n<meta property=\"og:site_name\" content=\"Esther Guesdon\" \/>\n<meta property=\"article:modified_time\" content=\"2021-05-19T08:15:02+00:00\" \/>\n<meta name=\"twitter:card\" content=\"summary_large_image\" \/>\n<meta name=\"twitter:label1\" content=\"Est. reading time\" \/>\n\t<meta name=\"twitter:data1\" content=\"4 minutes\" \/>\n<script type=\"application\/ld+json\" class=\"yoast-schema-graph\">{\"@context\":\"https:\/\/schema.org\",\"@graph\":[{\"@type\":\"WebPage\",\"@id\":\"https:\/\/guesdoninmobiliaria.com\/en\/politica-de-privacidad-redes-sociales\/\",\"url\":\"https:\/\/guesdoninmobiliaria.com\/en\/politica-de-privacidad-redes-sociales\/\",\"name\":\"Pol\u00edtica de privacidad redes sociales - Esther Guesdon\",\"isPartOf\":{\"@id\":\"https:\/\/guesdoninmobiliaria.com\/en\/#website\"},\"datePublished\":\"2016-05-23T09:39:11+00:00\",\"dateModified\":\"2021-05-19T08:15:02+00:00\",\"breadcrumb\":{\"@id\":\"https:\/\/guesdoninmobiliaria.com\/en\/politica-de-privacidad-redes-sociales\/#breadcrumb\"},\"inLanguage\":\"en-US\",\"potentialAction\":[{\"@type\":\"ReadAction\",\"target\":[\"https:\/\/guesdoninmobiliaria.com\/en\/politica-de-privacidad-redes-sociales\/\"]}]},{\"@type\":\"BreadcrumbList\",\"@id\":\"https:\/\/guesdoninmobiliaria.com\/en\/politica-de-privacidad-redes-sociales\/#breadcrumb\",\"itemListElement\":[{\"@type\":\"ListItem\",\"position\":1,\"name\":\"Portada\",\"item\":\"https:\/\/guesdoninmobiliaria.com\/en\/\"},{\"@type\":\"ListItem\",\"position\":2,\"name\":\"Pol\u00edtica de privacidad redes sociales\"}]},{\"@type\":\"WebSite\",\"@id\":\"https:\/\/guesdoninmobiliaria.com\/en\/#website\",\"url\":\"https:\/\/guesdoninmobiliaria.com\/en\/\",\"name\":\"Guesdon Inmobiliaria\",\"description\":\"Inmobiliaria\",\"potentialAction\":[{\"@type\":\"SearchAction\",\"target\":{\"@type\":\"EntryPoint\",\"urlTemplate\":\"https:\/\/guesdoninmobiliaria.com\/en\/?s={search_term_string}\"},\"query-input\":\"required name=search_term_string\"}],\"inLanguage\":\"en-US\"}]}<\/script>\n<!-- \/ Yoast SEO plugin. -->","yoast_head_json":{"title":"Pol\u00edtica de privacidad redes sociales - Esther Guesdon","robots":{"index":"index","follow":"follow","max-snippet":"max-snippet:-1","max-image-preview":"max-image-preview:large","max-video-preview":"max-video-preview:-1"},"canonical":"https:\/\/guesdoninmobiliaria.com\/en\/politica-de-privacidad-redes-sociales\/","og_locale":"en_US","og_type":"article","og_title":"Pol\u00edtica de privacidad redes sociales - Esther Guesdon","og_description":"En cumplimiento de la Ley Org\u00e1nica 15\/1999, de 13 de diciembre, de Protecci\u00f3n de Datos de Car\u00e1cter Personal (LOPD) y la Ley 34\/2002, de 11 de julio, de Servicios de ...","og_url":"https:\/\/guesdoninmobiliaria.com\/en\/politica-de-privacidad-redes-sociales\/","og_site_name":"Esther Guesdon","article_modified_time":"2021-05-19T08:15:02+00:00","twitter_card":"summary_large_image","twitter_misc":{"Est. reading time":"4 minutes"},"schema":{"@context":"https:\/\/schema.org","@graph":[{"@type":"WebPage","@id":"https:\/\/guesdoninmobiliaria.com\/en\/politica-de-privacidad-redes-sociales\/","url":"https:\/\/guesdoninmobiliaria.com\/en\/politica-de-privacidad-redes-sociales\/","name":"Pol\u00edtica de privacidad redes sociales - Esther Guesdon","isPartOf":{"@id":"https:\/\/guesdoninmobiliaria.com\/en\/#website"},"datePublished":"2016-05-23T09:39:11+00:00","dateModified":"2021-05-19T08:15:02+00:00","breadcrumb":{"@id":"https:\/\/guesdoninmobiliaria.com\/en\/politica-de-privacidad-redes-sociales\/#breadcrumb"},"inLanguage":"en-US","potentialAction":[{"@type":"ReadAction","target":["https:\/\/guesdoninmobiliaria.com\/en\/politica-de-privacidad-redes-sociales\/"]}]},{"@type":"BreadcrumbList","@id":"https:\/\/guesdoninmobiliaria.com\/en\/politica-de-privacidad-redes-sociales\/#breadcrumb","itemListElement":[{"@type":"ListItem","position":1,"name":"Portada","item":"https:\/\/guesdoninmobiliaria.com\/en\/"},{"@type":"ListItem","position":2,"name":"Pol\u00edtica de privacidad redes sociales"}]},{"@type":"WebSite","@id":"https:\/\/guesdoninmobiliaria.com\/en\/#website","url":"https:\/\/guesdoninmobiliaria.com\/en\/","name":"Guesdon Inmobiliaria","description":"Inmobiliaria","potentialAction":[{"@type":"SearchAction","target":{"@type":"EntryPoint","urlTemplate":"https:\/\/guesdoninmobiliaria.com\/en\/?s={search_term_string}"},"query-input":"required name=search_term_string"}],"inLanguage":"en-US"}]}},"_links":{"self":[{"href":"https:\/\/guesdoninmobiliaria.com\/en\/wp-json\/wp\/v2\/pages\/12360"}],"collection":[{"href":"https:\/\/guesdoninmobiliaria.com\/en\/wp-json\/wp\/v2\/pages"}],"about":[{"href":"https:\/\/guesdoninmobiliaria.com\/en\/wp-json\/wp\/v2\/types\/page"}],"author":[{"embeddable":true,"href":"https:\/\/guesdoninmobiliaria.com\/en\/wp-json\/wp\/v2\/users\/1"}],"replies":[{"embeddable":true,"href":"https:\/\/guesdoninmobiliaria.com\/en\/wp-json\/wp\/v2\/comments?post=12360"}],"version-history":[{"count":1,"href":"https:\/\/guesdoninmobiliaria.com\/en\/wp-json\/wp\/v2\/pages\/12360\/revisions"}],"predecessor-version":[{"id":37116,"href":"https:\/\/guesdoninmobiliaria.com\/en\/wp-json\/wp\/v2\/pages\/12360\/revisions\/37116"}],"wp:attachment":[{"href":"https:\/\/guesdoninmobiliaria.com\/en\/wp-json\/wp\/v2\/media?parent=12360"}],"curies":[{"name":"wp","href":"https:\/\/api.w.org\/{rel}","templated":true}]}}